{"id":1468,"date":"2021-01-08T13:06:35","date_gmt":"2021-01-08T18:06:35","guid":{"rendered":"https:\/\/webmmic.com\/product\/wordpress-security-updates\/"},"modified":"2023-11-29T11:13:49","modified_gmt":"2023-11-29T16:13:49","slug":"securite-wordpress","status":"publish","type":"product","link":"https:\/\/webmmic.com\/fr\/produit\/securite-wordpress\/","title":{"rendered":"les mises-\u00e0-jour de s\u00e9curit\u00e9 WordPress"},"content":{"rendered":"<div class=\"pricing-plan\">\n<h4>Mises \u00e0 jour mensuelles<\/h4>\n<h6>Inclus dans votre forfait<\/h6>\n<div><script src=\"https:\/\/cdn.lordicon.com\/bhenfmcm.js\"><\/script><lord-icon src=\"https:\/\/cdn.lordicon.com\/jvihlqtw.json\" trigger=\"loop\" delay=\"500\" colors=\"primary:#ffffff,secondary:#ffffff\" style=\"width:50px;height:50px\"><\/lord-icon><\/div>\n<div class=\"features\">Mise-\u00e0-jour des extensions WordPress<\/div>\n<div class=\"features\">Mise-\u00e0-jour de la version WordPress<\/div>\n<div class=\"features\">Mise-\u00e0-jour des th\u00e8mes WordPress<br \/>\n<span class=\"desc\">Th\u00e8mes inutilis\u00e9s uniquement. Les th\u00e8mes inutilis\u00e9s peuvent \u00e9galement \u00eatre supprim\u00e9s (recommand\u00e9).<\/span><\/div>\n<div class=\"features\">S\u00e9curit\u00e9 WordFence<br \/>\n<span class=\"desc\">L&#8217;installation et la configuration ne seront requises que le premier mois, apr\u00e8s quoi cette extension offrira une s\u00e9curit\u00e9 et une surveillance des menaces am\u00e9lior\u00e9es. S&#8217;il y a une menace pour votre site Web, nous en serons imm\u00e9diatement inform\u00e9s.<\/span><\/div>\n<div class=\"features\">Analyse de s\u00e9curit\u00e9<br \/>\n<span class=\"desc\">Identifier \/ R\u00e9parer \/ Supprimer les fichiers infect\u00e9s.<br \/>\nIdentification des extensions abandonn\u00e9es et autres vuln\u00e9rabilit\u00e9s pour des recommandations d\u2019am\u00e9lioration continue de la s\u00e9curit\u00e9.<\/span><\/div>\n<\/div>\n<p><!-- \n\n<table class=\"package\">\n\n\n<thead>\n\n\n<tr style=\"border:none !important;\">\n\n\n<th scope=\"col\" style=\"border:none !important;\"><strong>Included<\/strong>\n<span><b>IN YOUR PACKAGE<\/b><\/span><\/th>\n\n\n\n\n<th class=\"monthly-price\" scope=\"col\">MONTHLY--><!--$49.95 <span>PER MONTH<\/span>--><!--<\/th>\n\n\n<\/tr>\n\n\n<\/thead>\n\n\n\n\n<tbody>\n\n\n<tr class=\"dark\">\n\n\n<td scope=\"row\" data-label=\"Included\"><strong>WordPress Plugin Updates<\/strong><\/td>\n\n\n\n\n<td data-label=\"$49.95\/MONTH\"><script src=\"https:\/\/cdn.lordicon.com\/bhenfmcm.js\"><\/script>\n<lord-icon src=\"https:\/\/cdn.lordicon.com\/jvihlqtw.json\" trigger=\"loop\" delay=\"500\" colors=\"primary:#ffffff,secondary:#ffffff\" style=\"width:50px;height:50px\">\n<\/lord-icon><\/td>\n\n\n<\/tr>\n\n\n\n\n<tr class=\"light\">\n\n\n<td scope=\"row\" data-label=\"Included\"><strong>WordPress Version Updates<\/strong><\/td>\n\n\n\n\n<td data-label=\"$49.95\/MONTH\">\n\n\n<div class=\"check-yes\"><\/div>\n\n<\/td>\n\n\n<\/tr>\n\n\n\n\n<tr class=\"dark\">\n\n\n<td scope=\"row\" data-label=\"Included\"><strong>WordPress Theme Updates<\/strong>\n<span style=\"color: rgb(208, 208, 208);\">Unused themes only. Unused themes can also be removed (Recommended).<\/span><\/td>\n\n\n\n\n<td data-label=\"$49.95\/MONTH\">\n\n\n<div class=\"check-yes\"><\/div>\n\n<\/td>\n\n\n<\/tr>\n\n\n\n\n<tr class=\"light\">\n\n\n<td scope=\"row\" data-label=\"Included\"><strong>WordFence Security<\/strong>\n<span style=\"color: rgb(208, 208, 208);\">Installation and configuration will only be required the first month, after which this plugin will provide enhanced security and threat monitoring.  If there is a threat to your website, we will be notified immediately.<\/span><\/td>\n\n\n\n\n<td data-label=\"$49.95\/MONTH\">\n\n\n<div class=\"check-yes\"><\/div>\n\n<\/td>\n\n\n<\/tr>\n\n\n\n\n<tr class=\"dark\">\n\n\n<td scope=\"row\" data-label=\"Included\"><strong>Manual Security Scan<\/strong>\n<span style=\"color: rgb(208, 208, 208);\">Identify \/ Repair \/ Remove infected WordPress core &amp; plugin files.\nIdentify abandonned plugins &amp; other vulnerabilities for ongoing security improvement recommendations.<\/span><\/td>\n\n\n\n\n<td data-label=\"$49.95\/MONTH\">\n\n\n<div class=\"check-yes\"><\/div>\n\n<\/td>\n\n\n<\/tr>\n\n\n<\/tbody>\n\n\n<\/table>\n\n\n--><br \/>\n<!--[supsystic-price-table id=10]--><br \/>\n<!-- \n\n<p style=\"font-size:10px;\">*All prices are before applicable taxes.<\/p>\n\n\nTheme updates for your custom theme are available as a separate service, as are PHP version updates, JavaScript\/jQuery updates, and SSL certificate integration to load your website over HTTPS. Each of these is fundamental to your website security.\n\nDo you have a questions? <a href=\"https:\/\/webmmic.com\/fr\/contact\/\">Contact us<\/a> to speak with a WordPress Security Expert.\n\n--><\/p>\n","protected":false},"excerpt":{"rendered":"<h3 style=\"color: #000;\">PROT\u00c9GEZ VOTRE SITE<\/h3>\n<p>Votre site web a besoin d\u2019amour lui aussi! Renforcez la s\u00e9curit\u00e9 sur votre site WordPress avec la maintenance de s\u00e9curit\u00e9 mensuelle de MMIC. Nos experts s\u00e9curisent votre environnement en supprimant les failles de s\u00e9curit\u00e9 avant qu\u2019elles ne puissent \u00eatre exploit\u00e9es. Sans ces mises \u00e0 jour de s\u00e9curit\u00e9 importantes, votre environnement devient vuln\u00e9rable aux pirates informatiques, \u00e0 la violation de donn\u00e9es, aux temps d\u2019arr\u00eat et aux listes noires.<\/p>\n<p><!--Security updates protect your Website.--><\/p>\n<p><!-- \n\n<p style=\"font-size:10px;\">*All prices are before applicable taxes.<\/p>\n\n\n --><\/p>\n<p>Les mises \u00e0 jour de th\u00e8me pour votre th\u00e8me personnalis\u00e9 sont disponibles en tant que service distinct, tout comme les mises \u00e0 jour de version PHP, les mises \u00e0 jour JavaScript\/jQuery et l&#8217;int\u00e9gration de certificat SSL pour charger votre site Web via HTTPS. Chacun de ces \u00e9l\u00e9ments est fondamental pour la s\u00e9curit\u00e9 de votre site Web.<\/p>\n<p>Avez-vous des questions? <a href=\"https:\/\/webmmic.com\/contact\/\">Contactez-nous<\/a> afin d&#8217;en discuter avec un de nos experts.<\/p>\n","protected":false},"featured_media":4511,"template":"","meta":{"site-sidebar-layout":"default","site-content-layout":"default","ast-site-content-layout":"default","site-content-style":"default","site-sidebar-style":"default","ast-global-header-display":"","ast-banner-title-visibility":"","ast-main-header-display":"","ast-hfb-above-header-display":"","ast-hfb-below-header-display":"","ast-hfb-mobile-header-display":"","site-post-title":"","ast-breadcrumbs-content":"","ast-featured-img":"","footer-sml-layout":"","ast-disable-related-posts":"","theme-transparent-header-meta":"default","adv-header-id-meta":"","stick-header-meta":"","header-above-stick-meta":"","header-main-stick-meta":"","header-below-stick-meta":"","astra-migrate-meta-layouts":"default","ast-page-background-enabled":"default","ast-page-background-meta":{"desktop":{"background-color":"","background-image":"","background-repeat":"repeat","background-position":"center center","background-size":"auto","background-attachment":"scroll","background-type":"","background-media":"","overlay-type":"","overlay-color":"","overlay-opacity":"","overlay-gradient":""},"tablet":{"background-color":"","background-image":"","background-repeat":"repeat","background-position":"center center","background-size":"auto","background-attachment":"scroll","background-type":"","background-media":"","overlay-type":"","overlay-color":"","overlay-opacity":"","overlay-gradient":""},"mobile":{"background-color":"","background-image":"","background-repeat":"repeat","background-position":"center center","background-size":"auto","background-attachment":"scroll","background-type":"","background-media":"","overlay-type":"","overlay-color":"","overlay-opacity":"","overlay-gradient":""}},"ast-content-background-meta":{"desktop":{"background-color":"var(--ast-global-color-5)","background-image":"","background-repeat":"repeat","background-position":"center center","background-size":"auto","background-attachment":"scroll","background-type":"","background-media":"","overlay-type":"","overlay-color":"","overlay-opacity":"","overlay-gradient":""},"tablet":{"background-color":"var(--ast-global-color-5)","background-image":"","background-repeat":"repeat","background-position":"center center","background-size":"auto","background-attachment":"scroll","background-type":"","background-media":"","overlay-type":"","overlay-color":"","overlay-opacity":"","overlay-gradient":""},"mobile":{"background-color":"var(--ast-global-color-5)","background-image":"","background-repeat":"repeat","background-position":"center center","background-size":"auto","background-attachment":"scroll","background-type":"","background-media":"","overlay-type":"","overlay-color":"","overlay-opacity":"","overlay-gradient":""}}},"product_brand":[],"product_cat":[184],"product_tag":[191,192,188,187,186,189,185,190],"class_list":{"0":"post-1468","1":"product","2":"type-product","3":"status-publish","4":"has-post-thumbnail","6":"product_cat-securite-wordpress","7":"product_tag-gestion-securite","8":"product_tag-gestion-wordpress-mensuelle","9":"product_tag-mises-a-jour-version-wordpress","10":"product_tag-mises-a-jour-extensions-wordpress","11":"product_tag-securite","12":"product_tag-solutions-securite","13":"product_tag-wordpress-fr-2","14":"product_tag-wordpress-secure","15":"desktop-align-left","16":"tablet-align-left","17":"mobile-align-left","19":"first","20":"instock","21":"virtual","22":"taxable","23":"purchasable","24":"product-type-simple"},"aioseo_notices":[],"_links":{"self":[{"href":"https:\/\/webmmic.com\/fr\/wp-json\/wp\/v2\/product\/1468","targetHints":{"allow":["GET"]}}],"collection":[{"href":"https:\/\/webmmic.com\/fr\/wp-json\/wp\/v2\/product"}],"about":[{"href":"https:\/\/webmmic.com\/fr\/wp-json\/wp\/v2\/types\/product"}],"version-history":[{"count":0,"href":"https:\/\/webmmic.com\/fr\/wp-json\/wp\/v2\/product\/1468\/revisions"}],"wp:featuredmedia":[{"embeddable":true,"href":"https:\/\/webmmic.com\/fr\/wp-json\/wp\/v2\/media\/4511"}],"wp:attachment":[{"href":"https:\/\/webmmic.com\/fr\/wp-json\/wp\/v2\/media?parent=1468"}],"wp:term":[{"taxonomy":"product_brand","embeddable":true,"href":"https:\/\/webmmic.com\/fr\/wp-json\/wp\/v2\/product_brand?post=1468"},{"taxonomy":"product_cat","embeddable":true,"href":"https:\/\/webmmic.com\/fr\/wp-json\/wp\/v2\/product_cat?post=1468"},{"taxonomy":"product_tag","embeddable":true,"href":"https:\/\/webmmic.com\/fr\/wp-json\/wp\/v2\/product_tag?post=1468"}],"curies":[{"name":"wp","href":"https:\/\/api.w.org\/{rel}","templated":true}]}}