{"id":3653,"date":"2023-05-24T13:01:34","date_gmt":"2023-05-24T18:01:34","guid":{"rendered":"https:\/\/webmmic.com\/product\/contrat-de-service\/"},"modified":"2026-02-09T15:20:27","modified_gmt":"2026-02-09T20:20:27","slug":"contrat-de-service-horaire","status":"publish","type":"product","link":"https:\/\/webmmic.com\/fr\/produit\/contrat-de-service-horaire\/","title":{"rendered":"Contrat de service"},"content":{"rendered":"","protected":false},"excerpt":{"rendered":"<h2>Services sur mesure, flexibilit\u00e9 maximale<\/h2>\n<p style=\"padding:15px 0 15px 0;\">Notre <span style=\"font-weight:bold;\">contrat de service<\/span> vous donne acc\u00e8s \u00e0 une assistance experte \u00e0 la demande.<\/p>\n<p><script src=\"https:\/\/cdn.lordicon.com\/bhenfmcm.js\"><\/script><\/p>\n<ul id=\"contract\">\n<li style=\"line-height:50px; vertical-align:middle; display:flex;\"><lord-icon src=\"https:\/\/cdn.lordicon.com\/zpxybbhl.json\" trigger=\"loop\" delay=\"500\" colors=\"primary:#6a48c7,secondary:#00cdac\" style=\"width:50px;height:50px\"><\/lord-icon><br \/>\n<h5 style=\"color:#6a48c7;\">la consultation<br \/><span style=\"color:#000; font-size:13px;\">Conseils strat\u00e9giques pour soutenir votre croissance<\/span><\/h5>\n<\/li>\n<li style=\"line-height:50px; vertical-align:middle; display:flex;\"><lord-icon src=\"https:\/\/cdn.lordicon.com\/fgkmrslx.json\" trigger=\"loop\" delay=\"500\" colors=\"primary:#6a48c7,secondary:#00cdac\" style=\"width:50px;height:50px\"><\/lord-icon><br \/>\n<h5 style=\"color:#6a48c7;\">le graphisme<br \/><span style=\"color:#000; font-size:13px;\">Conception graphique sur mesure pour votre marque<\/span><\/h5>\n<\/li>\n<li style=\"line-height:50px; vertical-align:middle; display:flex;\"><lord-icon src=\"https:\/\/cdn.lordicon.com\/dtgezzsi.json\" trigger=\"loop\" delay=\"500\" colors=\"primary:#6a48c7,secondary:#00cdac\" style=\"width:50px;height:50px\"><\/lord-icon><br \/>\n<h5 style=\"color:#6a48c7;\">la programmation<br \/><span style=\"color:#000; font-size:13px;\">D\u00e9veloppement fiable et services techniques professionnels<\/span><\/h5>\n<\/li>\n<li style=\"line-height:50px; vertical-align:middle; display:flex;\"><lord-icon src=\"https:\/\/cdn.lordicon.com\/wloilxuq.json\" trigger=\"loop\" delay=\"500\" colors=\"primary:#6a48c7,secondary:#00cdac\" style=\"width:50px;height:50px\"><\/lord-icon><br \/>\n<h5 style=\"color:#6a48c7;\">l\u2019int\u00e9gration de contenu<br \/><span style=\"color:#000; font-size:13px;\">Int\u00e9gration et mise \u00e0 jour de contenu en toute fluidit\u00e9<\/span><\/h5>\n<\/li>\n<li style=\"line-height:50px; vertical-align:middle; display:flex;\"><lord-icon src=\"https:\/\/cdn.lordicon.com\/gqdnbnwt.json\" trigger=\"loop\" delay=\"500\" colors=\"primary:#6a48c7,secondary:#00cdac\" style=\"width:50px;height:50px\"><\/lord-icon><br \/>\n<h5 style=\"color:#6a48c7;\">R\u00e9f\u00e9rencement (SEO)<br \/><span style=\"color:#000; font-size:13px;\">Optimisation SEO pour augmenter votre visibilit\u00e9 en ligne<\/span><\/h5>\n<\/li>\n<li style=\"line-height:50px; vertical-align:middle; display:flex;\"><lord-icon src=\"https:\/\/cdn.lordicon.com\/sbiheqdr.json\" trigger=\"loop\" delay=\"500\" colors=\"primary:#6a48c7,secondary:#00cdac\" style=\"width:50px;height:50px\"><\/lord-icon><br \/>\n<h5 style=\"color:#6a48c7;\">s\u00e9curit\u00e9 WordPress<br \/><span style=\"color:#000; font-size:13px;\">Solutions de s\u00e9curit\u00e9 pour prot\u00e9ger votre site<\/span><\/h5>\n<\/li>\n<\/ul>\n<h6 style=\"color:#00CDAC;font-weight:bold;font-size: 1.1764705882353rem;\">Sans date d\u2019expiration <!--Your hours are immortal--><\/h6>\n<p>Une fois achet\u00e9s, vos heures n&#8217;expireront jamais. Utilisez-les \u00e0 votre guise.<\/p>\n<h6 style=\"color:#00CDAC;font-weight:bold;font-size: 1.1764705882353rem;\">Suivi en temps r\u00e9el<\/h6>\n<p>Suivez l\u2019\u00e9volution de votre contrat de service gr\u00e2ce \u00e0 un rapport en ligne personnalis\u00e9.<\/p>\n<h6 style=\"color:#00CDAC;font-weight:bold;font-size: 1.1764705882353rem;\">Flexible et \u00e9conomique<\/h6>\n<p>Choisissez le contrat de service adapt\u00e9 \u00e0 vos besoins et \u00e9conomisez davantage par rapport aux services \u00e0 la carte.<\/p>\n<style>.woocommerce-js div.product form.cart .variations select{margin-left:50px;}label {white-space: nowrap;}<\/style>\n","protected":false},"featured_media":4516,"template":"","meta":{"site-sidebar-layout":"no-sidebar","site-content-layout":"plain-container","ast-site-content-layout":"normal-width-container","site-content-style":"unboxed","site-sidebar-style":"unboxed","ast-global-header-display":"","ast-banner-title-visibility":"","ast-main-header-display":"","ast-hfb-above-header-display":"","ast-hfb-below-header-display":"","ast-hfb-mobile-header-display":"","site-post-title":"","ast-breadcrumbs-content":"","ast-featured-img":"","footer-sml-layout":"","ast-disable-related-posts":"","theme-transparent-header-meta":"default","adv-header-id-meta":"","stick-header-meta":"","header-above-stick-meta":"","header-main-stick-meta":"","header-below-stick-meta":"","astra-migrate-meta-layouts":"set","ast-page-background-enabled":"default","ast-page-background-meta":{"desktop":{"background-color":"","background-image":"","background-repeat":"repeat","background-position":"center center","background-size":"auto","background-attachment":"scroll","background-type":"","background-media":"","overlay-type":"","overlay-color":"","overlay-opacity":"","overlay-gradient":""},"tablet":{"background-color":"","background-image":"","background-repeat":"repeat","background-position":"center center","background-size":"auto","background-attachment":"scroll","background-type":"","background-media":"","overlay-type":"","overlay-color":"","overlay-opacity":"","overlay-gradient":""},"mobile":{"background-color":"","background-image":"","background-repeat":"repeat","background-position":"center center","background-size":"auto","background-attachment":"scroll","background-type":"","background-media":"","overlay-type":"","overlay-color":"","overlay-opacity":"","overlay-gradient":""}},"ast-content-background-meta":{"desktop":{"background-color":"var(--ast-global-color-5)","background-image":"","background-repeat":"repeat","background-position":"center center","background-size":"auto","background-attachment":"scroll","background-type":"","background-media":"","overlay-type":"","overlay-color":"","overlay-opacity":"","overlay-gradient":""},"tablet":{"background-color":"var(--ast-global-color-5)","background-image":"","background-repeat":"repeat","background-position":"center center","background-size":"auto","background-attachment":"scroll","background-type":"","background-media":"","overlay-type":"","overlay-color":"","overlay-opacity":"","overlay-gradient":""},"mobile":{"background-color":"var(--ast-global-color-5)","background-image":"","background-repeat":"repeat","background-position":"center center","background-size":"auto","background-attachment":"scroll","background-type":"","background-media":"","overlay-type":"","overlay-color":"","overlay-opacity":"","overlay-gradient":""}}},"product_brand":[],"product_cat":[200],"product_tag":[212,191,192,210,214,188,187,211,186,213,189,185,190],"class_list":{"0":"post-3653","1":"product","2":"type-product","3":"status-publish","4":"has-post-thumbnail","6":"product_cat-contrats-de-service","7":"product_tag-consultation","8":"product_tag-gestion-securite","9":"product_tag-gestion-wordpress-mensuelle","10":"product_tag-graphisme","11":"product_tag-integration-de-contenu","12":"product_tag-mises-a-jour-version-wordpress","13":"product_tag-mises-a-jour-extensions-wordpress","14":"product_tag-programmation","15":"product_tag-securite","16":"product_tag-seo-fr","17":"product_tag-solutions-securite","18":"product_tag-wordpress-fr-2","19":"product_tag-wordpress-secure","20":"desktop-align-left","21":"tablet-align-left","22":"mobile-align-left","24":"first","25":"instock","26":"taxable","27":"shipping-taxable","28":"purchasable","29":"product-type-variable"},"aioseo_notices":[],"_links":{"self":[{"href":"https:\/\/webmmic.com\/fr\/wp-json\/wp\/v2\/product\/3653","targetHints":{"allow":["GET"]}}],"collection":[{"href":"https:\/\/webmmic.com\/fr\/wp-json\/wp\/v2\/product"}],"about":[{"href":"https:\/\/webmmic.com\/fr\/wp-json\/wp\/v2\/types\/product"}],"version-history":[{"count":2,"href":"https:\/\/webmmic.com\/fr\/wp-json\/wp\/v2\/product\/3653\/revisions"}],"predecessor-version":[{"id":6517,"href":"https:\/\/webmmic.com\/fr\/wp-json\/wp\/v2\/product\/3653\/revisions\/6517"}],"wp:featuredmedia":[{"embeddable":true,"href":"https:\/\/webmmic.com\/fr\/wp-json\/wp\/v2\/media\/4516"}],"wp:attachment":[{"href":"https:\/\/webmmic.com\/fr\/wp-json\/wp\/v2\/media?parent=3653"}],"wp:term":[{"taxonomy":"product_brand","embeddable":true,"href":"https:\/\/webmmic.com\/fr\/wp-json\/wp\/v2\/product_brand?post=3653"},{"taxonomy":"product_cat","embeddable":true,"href":"https:\/\/webmmic.com\/fr\/wp-json\/wp\/v2\/product_cat?post=3653"},{"taxonomy":"product_tag","embeddable":true,"href":"https:\/\/webmmic.com\/fr\/wp-json\/wp\/v2\/product_tag?post=3653"}],"curies":[{"name":"wp","href":"https:\/\/api.w.org\/{rel}","templated":true}]}}